{"id":2,"date":"2009-04-29T11:58:58","date_gmt":"2009-04-29T09:58:58","guid":{"rendered":"http:\/\/www.apartment666.de\/blog\/?page_id=2"},"modified":"2009-05-27T13:02:11","modified_gmt":"2009-05-27T11:02:11","slug":"impressum","status":"publish","type":"page","link":"http:\/\/www.apartment666.com\/blog\/impressum\/","title":{"rendered":"Impressum"},"content":{"rendered":"<p><span>apartment666 ist eine Produktion des schauspielfrankfurts<\/span><\/p>\n<p><span>Idee und Konzeption: Robert Lehniger<\/span><\/p>\n<p><span>Produzent und Herausgeber: schauspielfrankfurt, Spielzeit 2008\/ 2009<\/span><\/p>\n<p><span>Intendantin: Elisabeth Schweeger<\/span><\/p>\n<p>Kuratoren schmidtstrasse12: Armin Petras (2003-06), Florian Fiedler (2006-09)<\/p>\n<p>Redaktion: Hannah Simon<\/p>\n<p>Fotos: Viviane Andereggen<\/p>\n<p><span>Design &#038; Entwicklung:<br \/>\n<a href=\"http:\/\/www.sirup-media.com\" target=\"_blank\">sirup\u00b0 Agentur f\u00fcr Neue Medien GmbH &#038; Co. KG<\/a><br \/>\nNeue Sch\u00f6nhauser Str. 2<br \/>\n10178 Berlin<\/span><\/p>\n<p><span> <\/span><br \/>\n<span>schauspielfrankfurt ist ein Teilbetrieb der St\u00e4dtischen B\u00fchnen, Frankfurt am Main GmbH, Gesch\u00e4ftsf\u00fchrender Intendant \/ Der Gesch\u00e4ftsf\u00fchrer: Bernd F\u00fclle, Aufsichtsratsvorsitzende: Dr. h.c. Petra Roth, HRB 52240, Frankfurt am Main<\/span><\/p>\n<p><span> <\/span><\/p>\n<!-- AddThis Advanced Settings generic via filter on the_content --><!-- AddThis Share Buttons generic via filter on the_content -->","protected":false},"excerpt":{"rendered":"<p>apartment666 ist eine Produktion des schauspielfrankfurts Idee und Konzeption: Robert Lehniger Produzent und Herausgeber: schauspielfrankfurt, Spielzeit 2008\/ 2009 Intendantin: Elisabeth Schweeger Kuratoren schmidtstrasse12: Armin Petras (2003-06), Florian Fiedler (2006-09) Redaktion: Hannah Simon Fotos: Viviane Andereggen Design &#038; Entwicklung: sirup\u00b0 Agentur &hellip; <a href=\"http:\/\/www.apartment666.com\/blog\/impressum\/\">Weiterlesen <span class=\"meta-nav\">&rarr;<\/span><\/a><!-- AddThis Advanced Settings generic via filter on get_the_excerpt --><!-- AddThis Share Buttons generic via filter on get_the_excerpt --><\/p>\n","protected":false},"author":1,"featured_media":0,"parent":0,"menu_order":2,"comment_status":"closed","ping_status":"closed","template":"","meta":{"footnotes":""},"class_list":["post-2","page","type-page","status-publish","hentry"],"_links":{"self":[{"href":"http:\/\/www.apartment666.com\/blog\/wp-json\/wp\/v2\/pages\/2","targetHints":{"allow":["GET"]}}],"collection":[{"href":"http:\/\/www.apartment666.com\/blog\/wp-json\/wp\/v2\/pages"}],"about":[{"href":"http:\/\/www.apartment666.com\/blog\/wp-json\/wp\/v2\/types\/page"}],"author":[{"embeddable":true,"href":"http:\/\/www.apartment666.com\/blog\/wp-json\/wp\/v2\/users\/1"}],"replies":[{"embeddable":true,"href":"http:\/\/www.apartment666.com\/blog\/wp-json\/wp\/v2\/comments?post=2"}],"version-history":[{"count":14,"href":"http:\/\/www.apartment666.com\/blog\/wp-json\/wp\/v2\/pages\/2\/revisions"}],"predecessor-version":[{"id":1241,"href":"http:\/\/www.apartment666.com\/blog\/wp-json\/wp\/v2\/pages\/2\/revisions\/1241"}],"wp:attachment":[{"href":"http:\/\/www.apartment666.com\/blog\/wp-json\/wp\/v2\/media?parent=2"}],"curies":[{"name":"wp","href":"https:\/\/api.w.org\/{rel}","templated":true}]}}